{"id":7,"date":"2024-05-19T10:17:34","date_gmt":"2024-05-19T13:17:34","guid":{"rendered":"https:\/\/casanautica.terraparque.tur.br\/?page_id=7"},"modified":"2025-12-24T16:28:49","modified_gmt":"2025-12-24T19:28:49","slug":"terra-casa-nautica","status":"publish","type":"page","link":"https:\/\/casanautica.terraparque.tur.br\/en\/","title":{"rendered":"Casa N\u00e1utica"},"content":{"rendered":"<h1><span style=\"font-weight: 400;\">Casa N\u00e1utica<\/span><\/h1>\n<p><a href=\"https:\/\/casanautica.terraparque.tur.br\/en\/\"><span style=\"font-weight: 400;\">Terra Casa N\u00e1utica<\/span><\/a><\/p>\n<h4><span style=\"font-weight: 400;\">Casa de Veraneio<\/span><\/h4>\n<p><span style=\"font-weight: 400;\">Conhe\u00e7a o Terra Casa N\u00e1utica, \u00e0s margens do Rio Paran\u00e1, estando localizado no interior do estado de S\u00e3o Paulo no munic\u00edpio de Presidente Epit\u00e1cio. Primeiramente, a casa conta com uma \u00e1rea com mais de 8 mil metros quadrados em meio a natureza, com op\u00e7\u00f5es de atividades de lazer e aventuras aqu\u00e1ticas.<\/span><\/p>\n<p><span style=\"font-weight: 400;\">De fato trata-se de um destino no modelo &#8220;casa de veraneio&#8221;, totalmente exclusivo para grupos de at\u00e9 24 pessoas. Entretanto n\u00e3o h\u00e1 servi\u00e7os de preparo de alimenta\u00e7\u00e3o e servi\u00e7os n\u00e1uticos inclusos, tais como passeio de lancha e jet ski*. O Terra Casa N\u00e1utica oferece a op\u00e7\u00e3o de contratar a parte um profissional para servir o caf\u00e9 da manh\u00e3 e lavar a lou\u00e7a do almo\u00e7o e jantar, assim como a limpeza das acomoda\u00e7\u00f5es.<\/span><\/p>\n<p><span style=\"font-weight: 400;\">No local \u00e9 poss\u00edvel garantir a divers\u00e3o com uma \u00e1rea exclusiva para jogos de mesa. Com mesa de sinuca, t\u00eanis de mesa e jogos de tabuleiro. Somado a isso, a \u00e1rea principal possui uma piscina com churrasqueira, espa\u00e7o para jogos em meio a natureza, como v\u00f4lei, futebol e badminton. Com acesso a redes de descanso e casa na \u00e1rvore para crian\u00e7as, todo o ambiente traz muita paz e refrig\u00e9rio para quem busca desligar-se da rotina agitada do dia a dia.<\/span><span style=\"font-weight: 400;\"><br \/>\n<\/span><span style=\"font-weight: 400;\">We don\u2019t have included nautical services, like speedboat ride and jet-ski<\/span><\/p>\n<h4>o Terra Casa N\u00e1utica<\/h4>\n<p>On the banks of the Rio Paran\u00e1, the Terra Casa N\u00e1utica is located in the S\u00e3o Paulo state, at Presidente Epit\u00e1cio city. It\u2019s about a \u201csummer house\u201d style destiny and has a 26246 SqFt amid nature, with options for leisure activities and acquatic adventures. With a privileged localization, just 5 minutes away from the airport.<\/p>\n<p>Afinal, trata-se de um destino no modelo <a href=\"https:\/\/pt.wikipedia.org\/wiki\/Casa_de_ver%C3%A3o\">summer house<\/a> totalmente exclusivo para grupos de at\u00e9 24 pessoas. Entretanto, n\u00e3o h\u00e1 servi\u00e7os de preparo de alimenta\u00e7\u00e3o e servi\u00e7os n\u00e1uticos inclusos, tais como passeio de lancha e jet ski*. Incluso limpeza e arruma\u00e7\u00e3o do espa\u00e7o antes da estadia. Os chal\u00e9s n\u00e3o s\u00e3o dispon\u00edveis para loca\u00e7\u00e3o a parte, \u00e9 necess\u00e1rio alugar todo o ambiente.<\/p>","protected":false},"excerpt":{"rendered":"<p>Casa N\u00e1utica Terra Casa N\u00e1utica Casa de Veraneio Conhe\u00e7a o Terra Casa N\u00e1utica, \u00e0s margens do Rio Paran\u00e1,&#8230;<\/p>","protected":false},"author":1,"featured_media":92,"parent":0,"menu_order":0,"comment_status":"closed","ping_status":"closed","template":"page-terra-casa-nautica.php","meta":{"footnotes":""},"class_list":["post-7","page","type-page","status-publish","has-post-thumbnail","hentry"],"yoast_head":"<!-- This site is optimized with the Yoast SEO plugin v25.2 - https:\/\/yoast.com\/wordpress\/plugins\/seo\/ -->\n<title>Terra Casa N\u00e1utica - Terra Parque Eco Resort<\/title>\n<meta name=\"description\" content=\"Viva uma experi\u00eancia exclusiva \u00e0s margens do Rio Paran\u00e1 com o Terra Casa N\u00e1utica: chal\u00e9s confort\u00e1veis, estrutura completa e um p\u00f4r do sol inesquec\u00edvel em Presidente\u00a0Epit\u00e1cio.\" \/>\n<meta name=\"robots\" content=\"index, follow, max-snippet:-1, max-image-preview:large, max-video-preview:-1\" \/>\n<link rel=\"canonical\" href=\"https:\/\/casanautica.terraparque.tur.br\/en\/\" \/>\n<meta property=\"og:locale\" content=\"en_US\" \/>\n<meta property=\"og:type\" content=\"article\" \/>\n<meta property=\"og:title\" content=\"Terra Casa N\u00e1utica - Terra Parque Eco Resort\" \/>\n<meta property=\"og:description\" content=\"Viva uma experi\u00eancia exclusiva \u00e0s margens do Rio Paran\u00e1 com o Terra Casa N\u00e1utica: chal\u00e9s confort\u00e1veis, estrutura completa e um p\u00f4r do sol inesquec\u00edvel em Presidente\u00a0Epit\u00e1cio.\" \/>\n<meta property=\"og:url\" content=\"https:\/\/casanautica.terraparque.tur.br\/en\/\" \/>\n<meta property=\"og:site_name\" content=\"Casa N\u00e1utica\" \/>\n<meta property=\"article:publisher\" content=\"https:\/\/www.facebook.com\/terraparque\" \/>\n<meta property=\"article:modified_time\" content=\"2025-12-24T19:28:49+00:00\" \/>\n<meta property=\"og:image\" content=\"https:\/\/casanautica.terraparque.tur.br\/wp-content\/uploads\/2025\/01\/Casa-Nautica.jpg\" \/>\n\t<meta property=\"og:image:width\" content=\"1600\" \/>\n\t<meta property=\"og:image:height\" content=\"1390\" \/>\n\t<meta property=\"og:image:type\" content=\"image\/jpeg\" \/>\n<meta name=\"twitter:card\" content=\"summary_large_image\" \/>\n<meta name=\"twitter:label1\" content=\"Est. reading time\" \/>\n\t<meta name=\"twitter:data1\" content=\"3 minutes\" \/>\n<script type=\"application\/ld+json\" class=\"yoast-schema-graph\">{\"@context\":\"https:\/\/schema.org\",\"@graph\":[{\"@type\":\"WebPage\",\"@id\":\"https:\/\/casanautica.terraparque.tur.br\/\",\"url\":\"https:\/\/casanautica.terraparque.tur.br\/\",\"name\":\"Terra Casa N\u00e1utica - Terra Parque Eco Resort\",\"isPartOf\":{\"@id\":\"https:\/\/casanautica.terraparque.tur.br\/#website\"},\"primaryImageOfPage\":{\"@id\":\"https:\/\/casanautica.terraparque.tur.br\/#primaryimage\"},\"image\":{\"@id\":\"https:\/\/casanautica.terraparque.tur.br\/#primaryimage\"},\"thumbnailUrl\":\"https:\/\/casanautica.terraparque.tur.br\/wp-content\/uploads\/2025\/01\/Casa-Nautica.jpg\",\"datePublished\":\"2024-05-19T13:17:34+00:00\",\"dateModified\":\"2025-12-24T19:28:49+00:00\",\"description\":\"Viva uma experi\u00eancia exclusiva \u00e0s margens do Rio Paran\u00e1 com o Terra Casa N\u00e1utica: chal\u00e9s confort\u00e1veis, estrutura completa e um p\u00f4r do sol inesquec\u00edvel em Presidente\u00a0Epit\u00e1cio.\",\"breadcrumb\":{\"@id\":\"https:\/\/casanautica.terraparque.tur.br\/#breadcrumb\"},\"inLanguage\":\"en-US\",\"potentialAction\":[{\"@type\":\"ReadAction\",\"target\":[\"https:\/\/casanautica.terraparque.tur.br\/\"]}]},{\"@type\":\"ImageObject\",\"inLanguage\":\"en-US\",\"@id\":\"https:\/\/casanautica.terraparque.tur.br\/#primaryimage\",\"url\":\"https:\/\/casanautica.terraparque.tur.br\/wp-content\/uploads\/2025\/01\/Casa-Nautica.jpg\",\"contentUrl\":\"https:\/\/casanautica.terraparque.tur.br\/wp-content\/uploads\/2025\/01\/Casa-Nautica.jpg\",\"width\":1600,\"height\":1390,\"caption\":\"Terra Casa N\u00e1utica - Terra Parque Eco Resort\"},{\"@type\":\"BreadcrumbList\",\"@id\":\"https:\/\/casanautica.terraparque.tur.br\/#breadcrumb\",\"itemListElement\":[{\"@type\":\"ListItem\",\"position\":1,\"name\":\"In\u00edcio\",\"item\":\"https:\/\/casanautica.terraparque.tur.br\/\"},{\"@type\":\"ListItem\",\"position\":2,\"name\":\"Casa N\u00e1utica\"}]},{\"@type\":\"WebSite\",\"@id\":\"https:\/\/casanautica.terraparque.tur.br\/#website\",\"url\":\"https:\/\/casanautica.terraparque.tur.br\/\",\"name\":\"Casa N\u00e1utica\",\"description\":\"\",\"publisher\":{\"@id\":\"https:\/\/casanautica.terraparque.tur.br\/#organization\"},\"potentialAction\":[{\"@type\":\"SearchAction\",\"target\":{\"@type\":\"EntryPoint\",\"urlTemplate\":\"https:\/\/casanautica.terraparque.tur.br\/?s={search_term_string}\"},\"query-input\":{\"@type\":\"PropertyValueSpecification\",\"valueRequired\":true,\"valueName\":\"search_term_string\"}}],\"inLanguage\":\"en-US\"},{\"@type\":\"Organization\",\"@id\":\"https:\/\/casanautica.terraparque.tur.br\/#organization\",\"name\":\"Casa N\u00e1utica\",\"url\":\"https:\/\/casanautica.terraparque.tur.br\/\",\"logo\":{\"@type\":\"ImageObject\",\"inLanguage\":\"en-US\",\"@id\":\"https:\/\/casanautica.terraparque.tur.br\/#\/schema\/logo\/image\/\",\"url\":\"https:\/\/casanautica.terraparque.tur.br\/wp-content\/uploads\/2024\/03\/cropped-terra-favicon-1.png\",\"contentUrl\":\"https:\/\/casanautica.terraparque.tur.br\/wp-content\/uploads\/2024\/03\/cropped-terra-favicon-1.png\",\"width\":512,\"height\":512,\"caption\":\"Casa N\u00e1utica\"},\"image\":{\"@id\":\"https:\/\/casanautica.terraparque.tur.br\/#\/schema\/logo\/image\/\"},\"sameAs\":[\"https:\/\/www.facebook.com\/terraparque\"]}]}<\/script>\n<!-- \/ Yoast SEO plugin. -->","yoast_head_json":{"title":"Terra Casa N\u00e1utica - Terra Parque Eco Resort","description":"Viva uma experi\u00eancia exclusiva \u00e0s margens do Rio Paran\u00e1 com o Terra Casa N\u00e1utica: chal\u00e9s confort\u00e1veis, estrutura completa e um p\u00f4r do sol inesquec\u00edvel em Presidente\u00a0Epit\u00e1cio.","robots":{"index":"index","follow":"follow","max-snippet":"max-snippet:-1","max-image-preview":"max-image-preview:large","max-video-preview":"max-video-preview:-1"},"canonical":"https:\/\/casanautica.terraparque.tur.br\/en\/","og_locale":"en_US","og_type":"article","og_title":"Terra Casa N\u00e1utica - Terra Parque Eco Resort","og_description":"Viva uma experi\u00eancia exclusiva \u00e0s margens do Rio Paran\u00e1 com o Terra Casa N\u00e1utica: chal\u00e9s confort\u00e1veis, estrutura completa e um p\u00f4r do sol inesquec\u00edvel em Presidente\u00a0Epit\u00e1cio.","og_url":"https:\/\/casanautica.terraparque.tur.br\/en\/","og_site_name":"Casa N\u00e1utica","article_publisher":"https:\/\/www.facebook.com\/terraparque","article_modified_time":"2025-12-24T19:28:49+00:00","og_image":[{"width":1600,"height":1390,"url":"https:\/\/casanautica.terraparque.tur.br\/wp-content\/uploads\/2025\/01\/Casa-Nautica.jpg","type":"image\/jpeg"}],"twitter_card":"summary_large_image","twitter_misc":{"Est. reading time":"3 minutes"},"schema":{"@context":"https:\/\/schema.org","@graph":[{"@type":"WebPage","@id":"https:\/\/casanautica.terraparque.tur.br\/","url":"https:\/\/casanautica.terraparque.tur.br\/","name":"Terra Casa N\u00e1utica - Terra Parque Eco Resort","isPartOf":{"@id":"https:\/\/casanautica.terraparque.tur.br\/#website"},"primaryImageOfPage":{"@id":"https:\/\/casanautica.terraparque.tur.br\/#primaryimage"},"image":{"@id":"https:\/\/casanautica.terraparque.tur.br\/#primaryimage"},"thumbnailUrl":"https:\/\/casanautica.terraparque.tur.br\/wp-content\/uploads\/2025\/01\/Casa-Nautica.jpg","datePublished":"2024-05-19T13:17:34+00:00","dateModified":"2025-12-24T19:28:49+00:00","description":"Viva uma experi\u00eancia exclusiva \u00e0s margens do Rio Paran\u00e1 com o Terra Casa N\u00e1utica: chal\u00e9s confort\u00e1veis, estrutura completa e um p\u00f4r do sol inesquec\u00edvel em Presidente\u00a0Epit\u00e1cio.","breadcrumb":{"@id":"https:\/\/casanautica.terraparque.tur.br\/#breadcrumb"},"inLanguage":"en-US","potentialAction":[{"@type":"ReadAction","target":["https:\/\/casanautica.terraparque.tur.br\/"]}]},{"@type":"ImageObject","inLanguage":"en-US","@id":"https:\/\/casanautica.terraparque.tur.br\/#primaryimage","url":"https:\/\/casanautica.terraparque.tur.br\/wp-content\/uploads\/2025\/01\/Casa-Nautica.jpg","contentUrl":"https:\/\/casanautica.terraparque.tur.br\/wp-content\/uploads\/2025\/01\/Casa-Nautica.jpg","width":1600,"height":1390,"caption":"Terra Casa N\u00e1utica - Terra Parque Eco Resort"},{"@type":"BreadcrumbList","@id":"https:\/\/casanautica.terraparque.tur.br\/#breadcrumb","itemListElement":[{"@type":"ListItem","position":1,"name":"In\u00edcio","item":"https:\/\/casanautica.terraparque.tur.br\/"},{"@type":"ListItem","position":2,"name":"Casa N\u00e1utica"}]},{"@type":"WebSite","@id":"https:\/\/casanautica.terraparque.tur.br\/#website","url":"https:\/\/casanautica.terraparque.tur.br\/","name":"Casa N\u00e1utica","description":"","publisher":{"@id":"https:\/\/casanautica.terraparque.tur.br\/#organization"},"potentialAction":[{"@type":"SearchAction","target":{"@type":"EntryPoint","urlTemplate":"https:\/\/casanautica.terraparque.tur.br\/?s={search_term_string}"},"query-input":{"@type":"PropertyValueSpecification","valueRequired":true,"valueName":"search_term_string"}}],"inLanguage":"en-US"},{"@type":"Organization","@id":"https:\/\/casanautica.terraparque.tur.br\/#organization","name":"Casa N\u00e1utica","url":"https:\/\/casanautica.terraparque.tur.br\/","logo":{"@type":"ImageObject","inLanguage":"en-US","@id":"https:\/\/casanautica.terraparque.tur.br\/#\/schema\/logo\/image\/","url":"https:\/\/casanautica.terraparque.tur.br\/wp-content\/uploads\/2024\/03\/cropped-terra-favicon-1.png","contentUrl":"https:\/\/casanautica.terraparque.tur.br\/wp-content\/uploads\/2024\/03\/cropped-terra-favicon-1.png","width":512,"height":512,"caption":"Casa N\u00e1utica"},"image":{"@id":"https:\/\/casanautica.terraparque.tur.br\/#\/schema\/logo\/image\/"},"sameAs":["https:\/\/www.facebook.com\/terraparque"]}]}},"_links":{"self":[{"href":"https:\/\/casanautica.terraparque.tur.br\/en\/wp-json\/wp\/v2\/pages\/7","targetHints":{"allow":["GET"]}}],"collection":[{"href":"https:\/\/casanautica.terraparque.tur.br\/en\/wp-json\/wp\/v2\/pages"}],"about":[{"href":"https:\/\/casanautica.terraparque.tur.br\/en\/wp-json\/wp\/v2\/types\/page"}],"author":[{"embeddable":true,"href":"https:\/\/casanautica.terraparque.tur.br\/en\/wp-json\/wp\/v2\/users\/1"}],"replies":[{"embeddable":true,"href":"https:\/\/casanautica.terraparque.tur.br\/en\/wp-json\/wp\/v2\/comments?post=7"}],"version-history":[{"count":5,"href":"https:\/\/casanautica.terraparque.tur.br\/en\/wp-json\/wp\/v2\/pages\/7\/revisions"}],"predecessor-version":[{"id":70,"href":"https:\/\/casanautica.terraparque.tur.br\/en\/wp-json\/wp\/v2\/pages\/7\/revisions\/70"}],"wp:featuredmedia":[{"embeddable":true,"href":"https:\/\/casanautica.terraparque.tur.br\/en\/wp-json\/wp\/v2\/media\/92"}],"wp:attachment":[{"href":"https:\/\/casanautica.terraparque.tur.br\/en\/wp-json\/wp\/v2\/media?parent=7"}],"curies":[{"name":"wp","href":"https:\/\/api.w.org\/{rel}","templated":true}]}}